{"id":87,"date":"2025-12-29T11:05:52","date_gmt":"2025-12-29T11:05:52","guid":{"rendered":"https:\/\/pline.hu\/?page_id=87"},"modified":"2026-01-05T11:53:00","modified_gmt":"2026-01-05T10:53:00","slug":"elerhetosegek","status":"publish","type":"page","link":"https:\/\/pline.hu\/?page_id=87","title":{"rendered":"Referenci\u00e1k"},"content":{"rendered":"\n<div style=\"height:27px\" aria-hidden=\"true\" class=\"wp-block-spacer\"><\/div>\n\n\n<h2 class=\"has-text-align-center wp-block-post-title\">Referenci\u00e1k<\/h2>\n\n\n<div style=\"height:40px\" aria-hidden=\"true\" class=\"wp-block-spacer\"><\/div>\n\n\n\n<figure class=\"wp-block-gallery has-nested-images columns-default is-cropped wp-block-gallery-1 is-layout-flex wp-block-gallery-is-layout-flex\">\n<figure data-wp-context=\"{&quot;imageId&quot;:&quot;69d99563efd1f&quot;}\" data-wp-interactive=\"core\/image\" data-wp-key=\"69d99563efd1f\" class=\"wp-block-image size-large wp-lightbox-container\"><img loading=\"lazy\" decoding=\"async\" width=\"1024\" height=\"682\" data-wp-class--hide=\"state.isContentHidden\" data-wp-class--show=\"state.isContentVisible\" data-wp-init=\"callbacks.setButtonStyles\" data-wp-on--click=\"actions.showLightbox\" data-wp-on--load=\"callbacks.setButtonStyles\" data-wp-on-window--resize=\"callbacks.setButtonStyles\" data-id=\"58\" src=\"https:\/\/pline.hu\/wp-content\/uploads\/2024\/12\/ml_240503_057-1024x682.jpg\" alt=\"Andersen Magyarorsz\u00e1g irodab\u0151v\u00edt\u00e9s\" class=\"wp-image-58\" srcset=\"https:\/\/pline.hu\/wp-content\/uploads\/2024\/12\/ml_240503_057-1024x682.jpg 1024w, https:\/\/pline.hu\/wp-content\/uploads\/2024\/12\/ml_240503_057-300x200.jpg 300w, https:\/\/pline.hu\/wp-content\/uploads\/2024\/12\/ml_240503_057-768x512.jpg 768w, https:\/\/pline.hu\/wp-content\/uploads\/2024\/12\/ml_240503_057-1536x1023.jpg 1536w, https:\/\/pline.hu\/wp-content\/uploads\/2024\/12\/ml_240503_057.jpg 2048w\" sizes=\"auto, (max-width: 1024px) 100vw, 1024px\" \/><button\n\t\t\tclass=\"lightbox-trigger\"\n\t\t\ttype=\"button\"\n\t\t\taria-haspopup=\"dialog\"\n\t\t\taria-label=\"Nagy\u00edt\u00e1s\"\n\t\t\tdata-wp-init=\"callbacks.initTriggerButton\"\n\t\t\tdata-wp-on--click=\"actions.showLightbox\"\n\t\t\tdata-wp-style--right=\"state.imageButtonRight\"\n\t\t\tdata-wp-style--top=\"state.imageButtonTop\"\n\t\t>\n\t\t\t<svg xmlns=\"http:\/\/www.w3.org\/2000\/svg\" width=\"12\" height=\"12\" fill=\"none\" viewBox=\"0 0 12 12\">\n\t\t\t\t<path fill=\"#fff\" d=\"M2 0a2 2 0 0 0-2 2v2h1.5V2a.5.5 0 0 1 .5-.5h2V0H2Zm2 10.5H2a.5.5 0 0 1-.5-.5V8H0v2a2 2 0 0 0 2 2h2v-1.5ZM8 12v-1.5h2a.5.5 0 0 0 .5-.5V8H12v2a2 2 0 0 1-2 2H8Zm2-12a2 2 0 0 1 2 2v2h-1.5V2a.5.5 0 0 0-.5-.5H8V0h2Z\" \/>\n\t\t\t<\/svg>\n\t\t<\/button><figcaption class=\"wp-element-caption\">Andersen Magyarorsz\u00e1g irodab\u0151v\u00edt\u00e9s<\/figcaption><\/figure>\n\n\n\n<figure data-wp-context=\"{&quot;imageId&quot;:&quot;69d99563eff97&quot;}\" data-wp-interactive=\"core\/image\" data-wp-key=\"69d99563eff97\" class=\"wp-block-image size-large wp-lightbox-container\"><img loading=\"lazy\" decoding=\"async\" width=\"1024\" height=\"682\" data-wp-class--hide=\"state.isContentHidden\" data-wp-class--show=\"state.isContentVisible\" data-wp-init=\"callbacks.setButtonStyles\" data-wp-on--click=\"actions.showLightbox\" data-wp-on--load=\"callbacks.setButtonStyles\" data-wp-on-window--resize=\"callbacks.setButtonStyles\" data-id=\"57\" src=\"https:\/\/pline.hu\/wp-content\/uploads\/2024\/12\/ml_240503_075-1024x682.jpg\" alt=\"Andersen Magyarorsz\u00e1g irodab\u0151v\u00edt\u00e9s\" class=\"wp-image-57\" srcset=\"https:\/\/pline.hu\/wp-content\/uploads\/2024\/12\/ml_240503_075-1024x682.jpg 1024w, https:\/\/pline.hu\/wp-content\/uploads\/2024\/12\/ml_240503_075-300x200.jpg 300w, https:\/\/pline.hu\/wp-content\/uploads\/2024\/12\/ml_240503_075-768x512.jpg 768w, https:\/\/pline.hu\/wp-content\/uploads\/2024\/12\/ml_240503_075-1536x1023.jpg 1536w, https:\/\/pline.hu\/wp-content\/uploads\/2024\/12\/ml_240503_075.jpg 2048w\" sizes=\"auto, (max-width: 1024px) 100vw, 1024px\" \/><button\n\t\t\tclass=\"lightbox-trigger\"\n\t\t\ttype=\"button\"\n\t\t\taria-haspopup=\"dialog\"\n\t\t\taria-label=\"Nagy\u00edt\u00e1s\"\n\t\t\tdata-wp-init=\"callbacks.initTriggerButton\"\n\t\t\tdata-wp-on--click=\"actions.showLightbox\"\n\t\t\tdata-wp-style--right=\"state.imageButtonRight\"\n\t\t\tdata-wp-style--top=\"state.imageButtonTop\"\n\t\t>\n\t\t\t<svg xmlns=\"http:\/\/www.w3.org\/2000\/svg\" width=\"12\" height=\"12\" fill=\"none\" viewBox=\"0 0 12 12\">\n\t\t\t\t<path fill=\"#fff\" d=\"M2 0a2 2 0 0 0-2 2v2h1.5V2a.5.5 0 0 1 .5-.5h2V0H2Zm2 10.5H2a.5.5 0 0 1-.5-.5V8H0v2a2 2 0 0 0 2 2h2v-1.5ZM8 12v-1.5h2a.5.5 0 0 0 .5-.5V8H12v2a2 2 0 0 1-2 2H8Zm2-12a2 2 0 0 1 2 2v2h-1.5V2a.5.5 0 0 0-.5-.5H8V0h2Z\" \/>\n\t\t\t<\/svg>\n\t\t<\/button><figcaption class=\"wp-element-caption\">Andersen Magyarorsz\u00e1g irodab\u0151v\u00edt\u00e9s<\/figcaption><\/figure>\n\n\n\n<figure data-wp-context=\"{&quot;imageId&quot;:&quot;69d99563f01b2&quot;}\" data-wp-interactive=\"core\/image\" data-wp-key=\"69d99563f01b2\" class=\"wp-block-image size-large wp-lightbox-container\"><img loading=\"lazy\" decoding=\"async\" width=\"1024\" height=\"682\" data-wp-class--hide=\"state.isContentHidden\" data-wp-class--show=\"state.isContentVisible\" data-wp-init=\"callbacks.setButtonStyles\" data-wp-on--click=\"actions.showLightbox\" data-wp-on--load=\"callbacks.setButtonStyles\" data-wp-on-window--resize=\"callbacks.setButtonStyles\" data-id=\"56\" src=\"https:\/\/pline.hu\/wp-content\/uploads\/2024\/12\/ml_240503_073-1024x682.jpg\" alt=\"Andersen Magyarorsz\u00e1g irodab\u0151v\u00edt\u00e9s\" class=\"wp-image-56\" srcset=\"https:\/\/pline.hu\/wp-content\/uploads\/2024\/12\/ml_240503_073-1024x682.jpg 1024w, https:\/\/pline.hu\/wp-content\/uploads\/2024\/12\/ml_240503_073-300x200.jpg 300w, https:\/\/pline.hu\/wp-content\/uploads\/2024\/12\/ml_240503_073-768x512.jpg 768w, https:\/\/pline.hu\/wp-content\/uploads\/2024\/12\/ml_240503_073-1536x1023.jpg 1536w, https:\/\/pline.hu\/wp-content\/uploads\/2024\/12\/ml_240503_073.jpg 2048w\" sizes=\"auto, (max-width: 1024px) 100vw, 1024px\" \/><button\n\t\t\tclass=\"lightbox-trigger\"\n\t\t\ttype=\"button\"\n\t\t\taria-haspopup=\"dialog\"\n\t\t\taria-label=\"Nagy\u00edt\u00e1s\"\n\t\t\tdata-wp-init=\"callbacks.initTriggerButton\"\n\t\t\tdata-wp-on--click=\"actions.showLightbox\"\n\t\t\tdata-wp-style--right=\"state.imageButtonRight\"\n\t\t\tdata-wp-style--top=\"state.imageButtonTop\"\n\t\t>\n\t\t\t<svg xmlns=\"http:\/\/www.w3.org\/2000\/svg\" width=\"12\" height=\"12\" fill=\"none\" viewBox=\"0 0 12 12\">\n\t\t\t\t<path fill=\"#fff\" d=\"M2 0a2 2 0 0 0-2 2v2h1.5V2a.5.5 0 0 1 .5-.5h2V0H2Zm2 10.5H2a.5.5 0 0 1-.5-.5V8H0v2a2 2 0 0 0 2 2h2v-1.5ZM8 12v-1.5h2a.5.5 0 0 0 .5-.5V8H12v2a2 2 0 0 1-2 2H8Zm2-12a2 2 0 0 1 2 2v2h-1.5V2a.5.5 0 0 0-.5-.5H8V0h2Z\" \/>\n\t\t\t<\/svg>\n\t\t<\/button><figcaption class=\"wp-element-caption\">Andersen Magyarorsz\u00e1g irodab\u0151v\u00edt\u00e9s<\/figcaption><\/figure>\n\n\n\n<figure data-wp-context=\"{&quot;imageId&quot;:&quot;69d99563f03c5&quot;}\" data-wp-interactive=\"core\/image\" data-wp-key=\"69d99563f03c5\" class=\"wp-block-image size-large wp-lightbox-container\"><img loading=\"lazy\" decoding=\"async\" width=\"1024\" height=\"682\" data-wp-class--hide=\"state.isContentHidden\" data-wp-class--show=\"state.isContentVisible\" data-wp-init=\"callbacks.setButtonStyles\" data-wp-on--click=\"actions.showLightbox\" data-wp-on--load=\"callbacks.setButtonStyles\" data-wp-on-window--resize=\"callbacks.setButtonStyles\" data-id=\"55\" src=\"https:\/\/pline.hu\/wp-content\/uploads\/2024\/12\/ml_240503_069-1024x682.jpg\" alt=\"Andersen Magyarorsz\u00e1g irodab\u0151v\u00edt\u00e9s\" class=\"wp-image-55\" srcset=\"https:\/\/pline.hu\/wp-content\/uploads\/2024\/12\/ml_240503_069-1024x682.jpg 1024w, https:\/\/pline.hu\/wp-content\/uploads\/2024\/12\/ml_240503_069-300x200.jpg 300w, https:\/\/pline.hu\/wp-content\/uploads\/2024\/12\/ml_240503_069-768x512.jpg 768w, https:\/\/pline.hu\/wp-content\/uploads\/2024\/12\/ml_240503_069-1536x1023.jpg 1536w, https:\/\/pline.hu\/wp-content\/uploads\/2024\/12\/ml_240503_069.jpg 2048w\" sizes=\"auto, (max-width: 1024px) 100vw, 1024px\" \/><button\n\t\t\tclass=\"lightbox-trigger\"\n\t\t\ttype=\"button\"\n\t\t\taria-haspopup=\"dialog\"\n\t\t\taria-label=\"Nagy\u00edt\u00e1s\"\n\t\t\tdata-wp-init=\"callbacks.initTriggerButton\"\n\t\t\tdata-wp-on--click=\"actions.showLightbox\"\n\t\t\tdata-wp-style--right=\"state.imageButtonRight\"\n\t\t\tdata-wp-style--top=\"state.imageButtonTop\"\n\t\t>\n\t\t\t<svg xmlns=\"http:\/\/www.w3.org\/2000\/svg\" width=\"12\" height=\"12\" fill=\"none\" viewBox=\"0 0 12 12\">\n\t\t\t\t<path fill=\"#fff\" d=\"M2 0a2 2 0 0 0-2 2v2h1.5V2a.5.5 0 0 1 .5-.5h2V0H2Zm2 10.5H2a.5.5 0 0 1-.5-.5V8H0v2a2 2 0 0 0 2 2h2v-1.5ZM8 12v-1.5h2a.5.5 0 0 0 .5-.5V8H12v2a2 2 0 0 1-2 2H8Zm2-12a2 2 0 0 1 2 2v2h-1.5V2a.5.5 0 0 0-.5-.5H8V0h2Z\" \/>\n\t\t\t<\/svg>\n\t\t<\/button><figcaption class=\"wp-element-caption\">Andersen Magyarorsz\u00e1g irodab\u0151v\u00edt\u00e9s<\/figcaption><\/figure>\n\n\n\n<figure data-wp-context=\"{&quot;imageId&quot;:&quot;69d99563f05c2&quot;}\" data-wp-interactive=\"core\/image\" data-wp-key=\"69d99563f05c2\" class=\"wp-block-image size-large wp-lightbox-container\"><img loading=\"lazy\" decoding=\"async\" width=\"1024\" height=\"682\" data-wp-class--hide=\"state.isContentHidden\" data-wp-class--show=\"state.isContentVisible\" data-wp-init=\"callbacks.setButtonStyles\" data-wp-on--click=\"actions.showLightbox\" data-wp-on--load=\"callbacks.setButtonStyles\" data-wp-on-window--resize=\"callbacks.setButtonStyles\" data-id=\"54\" src=\"https:\/\/pline.hu\/wp-content\/uploads\/2024\/12\/ml_240503_060-1024x682.jpg\" alt=\"Andersen Magyarorsz\u00e1g irodab\u0151v\u00edt\u00e9s\" class=\"wp-image-54\" srcset=\"https:\/\/pline.hu\/wp-content\/uploads\/2024\/12\/ml_240503_060-1024x682.jpg 1024w, https:\/\/pline.hu\/wp-content\/uploads\/2024\/12\/ml_240503_060-300x200.jpg 300w, https:\/\/pline.hu\/wp-content\/uploads\/2024\/12\/ml_240503_060-768x512.jpg 768w, https:\/\/pline.hu\/wp-content\/uploads\/2024\/12\/ml_240503_060-1536x1023.jpg 1536w, https:\/\/pline.hu\/wp-content\/uploads\/2024\/12\/ml_240503_060.jpg 2048w\" sizes=\"auto, (max-width: 1024px) 100vw, 1024px\" \/><button\n\t\t\tclass=\"lightbox-trigger\"\n\t\t\ttype=\"button\"\n\t\t\taria-haspopup=\"dialog\"\n\t\t\taria-label=\"Nagy\u00edt\u00e1s\"\n\t\t\tdata-wp-init=\"callbacks.initTriggerButton\"\n\t\t\tdata-wp-on--click=\"actions.showLightbox\"\n\t\t\tdata-wp-style--right=\"state.imageButtonRight\"\n\t\t\tdata-wp-style--top=\"state.imageButtonTop\"\n\t\t>\n\t\t\t<svg xmlns=\"http:\/\/www.w3.org\/2000\/svg\" width=\"12\" height=\"12\" fill=\"none\" viewBox=\"0 0 12 12\">\n\t\t\t\t<path fill=\"#fff\" d=\"M2 0a2 2 0 0 0-2 2v2h1.5V2a.5.5 0 0 1 .5-.5h2V0H2Zm2 10.5H2a.5.5 0 0 1-.5-.5V8H0v2a2 2 0 0 0 2 2h2v-1.5ZM8 12v-1.5h2a.5.5 0 0 0 .5-.5V8H12v2a2 2 0 0 1-2 2H8Zm2-12a2 2 0 0 1 2 2v2h-1.5V2a.5.5 0 0 0-.5-.5H8V0h2Z\" \/>\n\t\t\t<\/svg>\n\t\t<\/button><figcaption class=\"wp-element-caption\">Andersen Magyarorsz\u00e1g irodab\u0151v\u00edt\u00e9s<\/figcaption><\/figure>\n\n\n\n<figure data-wp-context=\"{&quot;imageId&quot;:&quot;69d99563f07c0&quot;}\" data-wp-interactive=\"core\/image\" data-wp-key=\"69d99563f07c0\" class=\"wp-block-image size-large wp-lightbox-container\"><img loading=\"lazy\" decoding=\"async\" width=\"682\" height=\"1024\" data-wp-class--hide=\"state.isContentHidden\" data-wp-class--show=\"state.isContentVisible\" data-wp-init=\"callbacks.setButtonStyles\" data-wp-on--click=\"actions.showLightbox\" data-wp-on--load=\"callbacks.setButtonStyles\" data-wp-on-window--resize=\"callbacks.setButtonStyles\" data-id=\"53\" src=\"https:\/\/pline.hu\/wp-content\/uploads\/2024\/12\/ml_240503_026-682x1024.jpg\" alt=\"Andersen Magyarorsz\u00e1g irodab\u0151v\u00edt\u00e9s\" class=\"wp-image-53\" srcset=\"https:\/\/pline.hu\/wp-content\/uploads\/2024\/12\/ml_240503_026-682x1024.jpg 682w, https:\/\/pline.hu\/wp-content\/uploads\/2024\/12\/ml_240503_026-200x300.jpg 200w, https:\/\/pline.hu\/wp-content\/uploads\/2024\/12\/ml_240503_026-768x1153.jpg 768w, https:\/\/pline.hu\/wp-content\/uploads\/2024\/12\/ml_240503_026-1023x1536.jpg 1023w, https:\/\/pline.hu\/wp-content\/uploads\/2024\/12\/ml_240503_026-640x960.jpg 640w, https:\/\/pline.hu\/wp-content\/uploads\/2024\/12\/ml_240503_026-1024x1536.jpg 1024w, https:\/\/pline.hu\/wp-content\/uploads\/2024\/12\/ml_240503_026.jpg 1364w\" sizes=\"auto, (max-width: 682px) 100vw, 682px\" \/><button\n\t\t\tclass=\"lightbox-trigger\"\n\t\t\ttype=\"button\"\n\t\t\taria-haspopup=\"dialog\"\n\t\t\taria-label=\"Nagy\u00edt\u00e1s\"\n\t\t\tdata-wp-init=\"callbacks.initTriggerButton\"\n\t\t\tdata-wp-on--click=\"actions.showLightbox\"\n\t\t\tdata-wp-style--right=\"state.imageButtonRight\"\n\t\t\tdata-wp-style--top=\"state.imageButtonTop\"\n\t\t>\n\t\t\t<svg xmlns=\"http:\/\/www.w3.org\/2000\/svg\" width=\"12\" height=\"12\" fill=\"none\" viewBox=\"0 0 12 12\">\n\t\t\t\t<path fill=\"#fff\" d=\"M2 0a2 2 0 0 0-2 2v2h1.5V2a.5.5 0 0 1 .5-.5h2V0H2Zm2 10.5H2a.5.5 0 0 1-.5-.5V8H0v2a2 2 0 0 0 2 2h2v-1.5ZM8 12v-1.5h2a.5.5 0 0 0 .5-.5V8H12v2a2 2 0 0 1-2 2H8Zm2-12a2 2 0 0 1 2 2v2h-1.5V2a.5.5 0 0 0-.5-.5H8V0h2Z\" \/>\n\t\t\t<\/svg>\n\t\t<\/button><figcaption class=\"wp-element-caption\">Andersen Magyarorsz\u00e1g irodab\u0151v\u00edt\u00e9s<\/figcaption><\/figure>\n\n\n\n<figure data-wp-context=\"{&quot;imageId&quot;:&quot;69d99563f09b6&quot;}\" data-wp-interactive=\"core\/image\" data-wp-key=\"69d99563f09b6\" class=\"wp-block-image size-large wp-lightbox-container\"><img loading=\"lazy\" decoding=\"async\" width=\"1024\" height=\"682\" data-wp-class--hide=\"state.isContentHidden\" data-wp-class--show=\"state.isContentVisible\" data-wp-init=\"callbacks.setButtonStyles\" data-wp-on--click=\"actions.showLightbox\" data-wp-on--load=\"callbacks.setButtonStyles\" data-wp-on-window--resize=\"callbacks.setButtonStyles\" data-id=\"52\" src=\"https:\/\/pline.hu\/wp-content\/uploads\/2024\/12\/ml_240503_068-1024x682.jpg\" alt=\"Andersen Magyarorsz\u00e1g irodab\u0151v\u00edt\u00e9s\" class=\"wp-image-52\" srcset=\"https:\/\/pline.hu\/wp-content\/uploads\/2024\/12\/ml_240503_068-1024x682.jpg 1024w, https:\/\/pline.hu\/wp-content\/uploads\/2024\/12\/ml_240503_068-300x200.jpg 300w, https:\/\/pline.hu\/wp-content\/uploads\/2024\/12\/ml_240503_068-768x512.jpg 768w, https:\/\/pline.hu\/wp-content\/uploads\/2024\/12\/ml_240503_068-1536x1023.jpg 1536w, https:\/\/pline.hu\/wp-content\/uploads\/2024\/12\/ml_240503_068.jpg 2048w\" sizes=\"auto, (max-width: 1024px) 100vw, 1024px\" \/><button\n\t\t\tclass=\"lightbox-trigger\"\n\t\t\ttype=\"button\"\n\t\t\taria-haspopup=\"dialog\"\n\t\t\taria-label=\"Nagy\u00edt\u00e1s\"\n\t\t\tdata-wp-init=\"callbacks.initTriggerButton\"\n\t\t\tdata-wp-on--click=\"actions.showLightbox\"\n\t\t\tdata-wp-style--right=\"state.imageButtonRight\"\n\t\t\tdata-wp-style--top=\"state.imageButtonTop\"\n\t\t>\n\t\t\t<svg xmlns=\"http:\/\/www.w3.org\/2000\/svg\" width=\"12\" height=\"12\" fill=\"none\" viewBox=\"0 0 12 12\">\n\t\t\t\t<path fill=\"#fff\" d=\"M2 0a2 2 0 0 0-2 2v2h1.5V2a.5.5 0 0 1 .5-.5h2V0H2Zm2 10.5H2a.5.5 0 0 1-.5-.5V8H0v2a2 2 0 0 0 2 2h2v-1.5ZM8 12v-1.5h2a.5.5 0 0 0 .5-.5V8H12v2a2 2 0 0 1-2 2H8Zm2-12a2 2 0 0 1 2 2v2h-1.5V2a.5.5 0 0 0-.5-.5H8V0h2Z\" \/>\n\t\t\t<\/svg>\n\t\t<\/button><figcaption class=\"wp-element-caption\">Andersen Magyarorsz\u00e1g irodab\u0151v\u00edt\u00e9s<\/figcaption><\/figure>\n<\/figure>\n","protected":false},"excerpt":{"rendered":"","protected":false},"author":1,"featured_media":0,"parent":0,"menu_order":0,"comment_status":"closed","ping_status":"closed","template":"page-no-title","meta":{"footnotes":""},"class_list":["post-87","page","type-page","status-publish","hentry"],"yoast_head":"<!-- This site is optimized with the Yoast SEO plugin v26.7 - https:\/\/yoast.com\/wordpress\/plugins\/seo\/ -->\n<title>Referenci\u00e1k - pline.hu<\/title>\n<meta name=\"robots\" content=\"index, follow, max-snippet:-1, max-image-preview:large, max-video-preview:-1\" \/>\n<link rel=\"canonical\" href=\"https:\/\/pline.hu\/?page_id=87\" \/>\n<meta property=\"og:locale\" content=\"hu_HU\" \/>\n<meta property=\"og:type\" content=\"article\" \/>\n<meta property=\"og:title\" content=\"Referenci\u00e1k - pline.hu\" \/>\n<meta property=\"og:url\" content=\"https:\/\/pline.hu\/?page_id=87\" \/>\n<meta property=\"og:site_name\" content=\"pline.hu\" \/>\n<meta property=\"article:modified_time\" content=\"2026-01-05T10:53:00+00:00\" \/>\n<meta property=\"og:image\" content=\"https:\/\/pline.hu\/wp-content\/uploads\/2024\/12\/ml_240503_057-1024x682.jpg\" \/>\n<meta name=\"twitter:card\" content=\"summary_large_image\" \/>\n<script type=\"application\/ld+json\" class=\"yoast-schema-graph\">{\"@context\":\"https:\/\/schema.org\",\"@graph\":[{\"@type\":\"WebPage\",\"@id\":\"https:\/\/pline.hu\/?page_id=87\",\"url\":\"https:\/\/pline.hu\/?page_id=87\",\"name\":\"Referenci\u00e1k - pline.hu\",\"isPartOf\":{\"@id\":\"https:\/\/pline.hu\/#website\"},\"primaryImageOfPage\":{\"@id\":\"https:\/\/pline.hu\/?page_id=87#primaryimage\"},\"image\":{\"@id\":\"https:\/\/pline.hu\/?page_id=87#primaryimage\"},\"thumbnailUrl\":\"https:\/\/pline.hu\/wp-content\/uploads\/2024\/12\/ml_240503_057-1024x682.jpg\",\"datePublished\":\"2025-12-29T11:05:52+00:00\",\"dateModified\":\"2026-01-05T10:53:00+00:00\",\"breadcrumb\":{\"@id\":\"https:\/\/pline.hu\/?page_id=87#breadcrumb\"},\"inLanguage\":\"hu\",\"potentialAction\":[{\"@type\":\"ReadAction\",\"target\":[\"https:\/\/pline.hu\/?page_id=87\"]}]},{\"@type\":\"ImageObject\",\"inLanguage\":\"hu\",\"@id\":\"https:\/\/pline.hu\/?page_id=87#primaryimage\",\"url\":\"https:\/\/pline.hu\/wp-content\/uploads\/2024\/12\/ml_240503_057.jpg\",\"contentUrl\":\"https:\/\/pline.hu\/wp-content\/uploads\/2024\/12\/ml_240503_057.jpg\",\"width\":2048,\"height\":1364,\"caption\":\"Andersen Magyarorsz\u00e1g iroda\u00e1talak\u00edt\u00e1s\"},{\"@type\":\"BreadcrumbList\",\"@id\":\"https:\/\/pline.hu\/?page_id=87#breadcrumb\",\"itemListElement\":[{\"@type\":\"ListItem\",\"position\":1,\"name\":\"Home\",\"item\":\"https:\/\/pline.hu\/\"},{\"@type\":\"ListItem\",\"position\":2,\"name\":\"Referenci\u00e1k\"}]},{\"@type\":\"WebSite\",\"@id\":\"https:\/\/pline.hu\/#website\",\"url\":\"https:\/\/pline.hu\/\",\"name\":\"pline.hu\",\"description\":\"IDEIGLENES honlap \/ TEMPORARY WEBPAGE\",\"publisher\":{\"@id\":\"https:\/\/pline.hu\/#organization\"},\"potentialAction\":[{\"@type\":\"SearchAction\",\"target\":{\"@type\":\"EntryPoint\",\"urlTemplate\":\"https:\/\/pline.hu\/?s={search_term_string}\"},\"query-input\":{\"@type\":\"PropertyValueSpecification\",\"valueRequired\":true,\"valueName\":\"search_term_string\"}}],\"inLanguage\":\"hu\"},{\"@type\":\"Organization\",\"@id\":\"https:\/\/pline.hu\/#organization\",\"name\":\"Pline Kft.\",\"url\":\"https:\/\/pline.hu\/\",\"logo\":{\"@type\":\"ImageObject\",\"inLanguage\":\"hu\",\"@id\":\"https:\/\/pline.hu\/#\/schema\/logo\/image\/\",\"url\":\"https:\/\/pline.hu\/wp-content\/uploads\/2026\/01\/logo_dobozban_2025_12_12.png\",\"contentUrl\":\"https:\/\/pline.hu\/wp-content\/uploads\/2026\/01\/logo_dobozban_2025_12_12.png\",\"width\":391,\"height\":137,\"caption\":\"Pline Kft.\"},\"image\":{\"@id\":\"https:\/\/pline.hu\/#\/schema\/logo\/image\/\"}}]}<\/script>\n<!-- \/ Yoast SEO plugin. -->","yoast_head_json":{"title":"Referenci\u00e1k - pline.hu","robots":{"index":"index","follow":"follow","max-snippet":"max-snippet:-1","max-image-preview":"max-image-preview:large","max-video-preview":"max-video-preview:-1"},"canonical":"https:\/\/pline.hu\/?page_id=87","og_locale":"hu_HU","og_type":"article","og_title":"Referenci\u00e1k - pline.hu","og_url":"https:\/\/pline.hu\/?page_id=87","og_site_name":"pline.hu","article_modified_time":"2026-01-05T10:53:00+00:00","og_image":[{"url":"https:\/\/pline.hu\/wp-content\/uploads\/2024\/12\/ml_240503_057-1024x682.jpg","type":"","width":"","height":""}],"twitter_card":"summary_large_image","schema":{"@context":"https:\/\/schema.org","@graph":[{"@type":"WebPage","@id":"https:\/\/pline.hu\/?page_id=87","url":"https:\/\/pline.hu\/?page_id=87","name":"Referenci\u00e1k - pline.hu","isPartOf":{"@id":"https:\/\/pline.hu\/#website"},"primaryImageOfPage":{"@id":"https:\/\/pline.hu\/?page_id=87#primaryimage"},"image":{"@id":"https:\/\/pline.hu\/?page_id=87#primaryimage"},"thumbnailUrl":"https:\/\/pline.hu\/wp-content\/uploads\/2024\/12\/ml_240503_057-1024x682.jpg","datePublished":"2025-12-29T11:05:52+00:00","dateModified":"2026-01-05T10:53:00+00:00","breadcrumb":{"@id":"https:\/\/pline.hu\/?page_id=87#breadcrumb"},"inLanguage":"hu","potentialAction":[{"@type":"ReadAction","target":["https:\/\/pline.hu\/?page_id=87"]}]},{"@type":"ImageObject","inLanguage":"hu","@id":"https:\/\/pline.hu\/?page_id=87#primaryimage","url":"https:\/\/pline.hu\/wp-content\/uploads\/2024\/12\/ml_240503_057.jpg","contentUrl":"https:\/\/pline.hu\/wp-content\/uploads\/2024\/12\/ml_240503_057.jpg","width":2048,"height":1364,"caption":"Andersen Magyarorsz\u00e1g iroda\u00e1talak\u00edt\u00e1s"},{"@type":"BreadcrumbList","@id":"https:\/\/pline.hu\/?page_id=87#breadcrumb","itemListElement":[{"@type":"ListItem","position":1,"name":"Home","item":"https:\/\/pline.hu\/"},{"@type":"ListItem","position":2,"name":"Referenci\u00e1k"}]},{"@type":"WebSite","@id":"https:\/\/pline.hu\/#website","url":"https:\/\/pline.hu\/","name":"pline.hu","description":"IDEIGLENES honlap \/ TEMPORARY WEBPAGE","publisher":{"@id":"https:\/\/pline.hu\/#organization"},"potentialAction":[{"@type":"SearchAction","target":{"@type":"EntryPoint","urlTemplate":"https:\/\/pline.hu\/?s={search_term_string}"},"query-input":{"@type":"PropertyValueSpecification","valueRequired":true,"valueName":"search_term_string"}}],"inLanguage":"hu"},{"@type":"Organization","@id":"https:\/\/pline.hu\/#organization","name":"Pline Kft.","url":"https:\/\/pline.hu\/","logo":{"@type":"ImageObject","inLanguage":"hu","@id":"https:\/\/pline.hu\/#\/schema\/logo\/image\/","url":"https:\/\/pline.hu\/wp-content\/uploads\/2026\/01\/logo_dobozban_2025_12_12.png","contentUrl":"https:\/\/pline.hu\/wp-content\/uploads\/2026\/01\/logo_dobozban_2025_12_12.png","width":391,"height":137,"caption":"Pline Kft."},"image":{"@id":"https:\/\/pline.hu\/#\/schema\/logo\/image\/"}}]}},"_links":{"self":[{"href":"https:\/\/pline.hu\/index.php?rest_route=\/wp\/v2\/pages\/87","targetHints":{"allow":["GET"]}}],"collection":[{"href":"https:\/\/pline.hu\/index.php?rest_route=\/wp\/v2\/pages"}],"about":[{"href":"https:\/\/pline.hu\/index.php?rest_route=\/wp\/v2\/types\/page"}],"author":[{"embeddable":true,"href":"https:\/\/pline.hu\/index.php?rest_route=\/wp\/v2\/users\/1"}],"replies":[{"embeddable":true,"href":"https:\/\/pline.hu\/index.php?rest_route=%2Fwp%2Fv2%2Fcomments&post=87"}],"version-history":[{"count":7,"href":"https:\/\/pline.hu\/index.php?rest_route=\/wp\/v2\/pages\/87\/revisions"}],"predecessor-version":[{"id":138,"href":"https:\/\/pline.hu\/index.php?rest_route=\/wp\/v2\/pages\/87\/revisions\/138"}],"wp:attachment":[{"href":"https:\/\/pline.hu\/index.php?rest_route=%2Fwp%2Fv2%2Fmedia&parent=87"}],"curies":[{"name":"wp","href":"https:\/\/api.w.org\/{rel}","templated":true}]}}