{"id":81,"date":"2025-12-29T11:02:06","date_gmt":"2025-12-29T11:02:06","guid":{"rendered":"https:\/\/pline.hu\/?page_id=81"},"modified":"2025-12-29T11:39:23","modified_gmt":"2025-12-29T11:39:23","slug":"epuletakusztika","status":"publish","type":"page","link":"https:\/\/pline.hu\/?page_id=81","title":{"rendered":"\u00c9p\u00fcletakusztika"},"content":{"rendered":"\n<p class=\"has-text-align-center\">Az oldal fejleszt\u00e9s alatt. Tov\u00e1bbi inform\u00e1ci\u00f3k hamarosan.<\/p>\n","protected":false},"excerpt":{"rendered":"<p>Az oldal fejleszt\u00e9s alatt. Tov\u00e1bbi inform\u00e1ci\u00f3k hamarosan.<\/p>\n","protected":false},"author":1,"featured_media":97,"parent":0,"menu_order":0,"comment_status":"closed","ping_status":"closed","template":"","meta":{"footnotes":""},"class_list":["post-81","page","type-page","status-publish","has-post-thumbnail","hentry"],"yoast_head":"<!-- This site is optimized with the Yoast SEO plugin v26.7 - https:\/\/yoast.com\/wordpress\/plugins\/seo\/ -->\n<title>\u00c9p\u00fcletakusztika - pline.hu<\/title>\n<meta name=\"robots\" content=\"index, follow, max-snippet:-1, max-image-preview:large, max-video-preview:-1\" \/>\n<link rel=\"canonical\" href=\"https:\/\/pline.hu\/?page_id=81\" \/>\n<meta property=\"og:locale\" content=\"hu_HU\" \/>\n<meta property=\"og:type\" content=\"article\" \/>\n<meta property=\"og:title\" content=\"\u00c9p\u00fcletakusztika - pline.hu\" \/>\n<meta property=\"og:description\" content=\"Az oldal fejleszt\u00e9s alatt. Tov\u00e1bbi inform\u00e1ci\u00f3k hamarosan.\" \/>\n<meta property=\"og:url\" content=\"https:\/\/pline.hu\/?page_id=81\" \/>\n<meta property=\"og:site_name\" content=\"pline.hu\" \/>\n<meta property=\"article:modified_time\" content=\"2025-12-29T11:39:23+00:00\" \/>\n<meta property=\"og:image\" content=\"https:\/\/pline.hu\/wp-content\/uploads\/2025\/12\/Picture1.jpg\" \/>\n\t<meta property=\"og:image:width\" content=\"866\" \/>\n\t<meta property=\"og:image:height\" content=\"455\" \/>\n\t<meta property=\"og:image:type\" content=\"image\/jpeg\" \/>\n<meta name=\"twitter:card\" content=\"summary_large_image\" \/>\n<script type=\"application\/ld+json\" class=\"yoast-schema-graph\">{\"@context\":\"https:\/\/schema.org\",\"@graph\":[{\"@type\":\"WebPage\",\"@id\":\"https:\/\/pline.hu\/?page_id=81\",\"url\":\"https:\/\/pline.hu\/?page_id=81\",\"name\":\"\u00c9p\u00fcletakusztika - pline.hu\",\"isPartOf\":{\"@id\":\"https:\/\/pline.hu\/#website\"},\"primaryImageOfPage\":{\"@id\":\"https:\/\/pline.hu\/?page_id=81#primaryimage\"},\"image\":{\"@id\":\"https:\/\/pline.hu\/?page_id=81#primaryimage\"},\"thumbnailUrl\":\"https:\/\/pline.hu\/wp-content\/uploads\/2025\/12\/Picture1.jpg\",\"datePublished\":\"2025-12-29T11:02:06+00:00\",\"dateModified\":\"2025-12-29T11:39:23+00:00\",\"breadcrumb\":{\"@id\":\"https:\/\/pline.hu\/?page_id=81#breadcrumb\"},\"inLanguage\":\"hu\",\"potentialAction\":[{\"@type\":\"ReadAction\",\"target\":[\"https:\/\/pline.hu\/?page_id=81\"]}]},{\"@type\":\"ImageObject\",\"inLanguage\":\"hu\",\"@id\":\"https:\/\/pline.hu\/?page_id=81#primaryimage\",\"url\":\"https:\/\/pline.hu\/wp-content\/uploads\/2025\/12\/Picture1.jpg\",\"contentUrl\":\"https:\/\/pline.hu\/wp-content\/uploads\/2025\/12\/Picture1.jpg\",\"width\":866,\"height\":455,\"caption\":\"Hangg\u00e1tl\u00e1si probl\u00e9ma kimutat\u00e1sa akusztikus kamer\u00e1val.\"},{\"@type\":\"BreadcrumbList\",\"@id\":\"https:\/\/pline.hu\/?page_id=81#breadcrumb\",\"itemListElement\":[{\"@type\":\"ListItem\",\"position\":1,\"name\":\"Home\",\"item\":\"https:\/\/pline.hu\/\"},{\"@type\":\"ListItem\",\"position\":2,\"name\":\"\u00c9p\u00fcletakusztika\"}]},{\"@type\":\"WebSite\",\"@id\":\"https:\/\/pline.hu\/#website\",\"url\":\"https:\/\/pline.hu\/\",\"name\":\"pline.hu\",\"description\":\"IDEIGLENES honlap \/ TEMPORARY WEBPAGE\",\"publisher\":{\"@id\":\"https:\/\/pline.hu\/#organization\"},\"potentialAction\":[{\"@type\":\"SearchAction\",\"target\":{\"@type\":\"EntryPoint\",\"urlTemplate\":\"https:\/\/pline.hu\/?s={search_term_string}\"},\"query-input\":{\"@type\":\"PropertyValueSpecification\",\"valueRequired\":true,\"valueName\":\"search_term_string\"}}],\"inLanguage\":\"hu\"},{\"@type\":\"Organization\",\"@id\":\"https:\/\/pline.hu\/#organization\",\"name\":\"Pline Kft.\",\"url\":\"https:\/\/pline.hu\/\",\"logo\":{\"@type\":\"ImageObject\",\"inLanguage\":\"hu\",\"@id\":\"https:\/\/pline.hu\/#\/schema\/logo\/image\/\",\"url\":\"https:\/\/pline.hu\/wp-content\/uploads\/2026\/01\/logo_dobozban_2025_12_12.png\",\"contentUrl\":\"https:\/\/pline.hu\/wp-content\/uploads\/2026\/01\/logo_dobozban_2025_12_12.png\",\"width\":391,\"height\":137,\"caption\":\"Pline Kft.\"},\"image\":{\"@id\":\"https:\/\/pline.hu\/#\/schema\/logo\/image\/\"}}]}<\/script>\n<!-- \/ Yoast SEO plugin. -->","yoast_head_json":{"title":"\u00c9p\u00fcletakusztika - pline.hu","robots":{"index":"index","follow":"follow","max-snippet":"max-snippet:-1","max-image-preview":"max-image-preview:large","max-video-preview":"max-video-preview:-1"},"canonical":"https:\/\/pline.hu\/?page_id=81","og_locale":"hu_HU","og_type":"article","og_title":"\u00c9p\u00fcletakusztika - pline.hu","og_description":"Az oldal fejleszt\u00e9s alatt. Tov\u00e1bbi inform\u00e1ci\u00f3k hamarosan.","og_url":"https:\/\/pline.hu\/?page_id=81","og_site_name":"pline.hu","article_modified_time":"2025-12-29T11:39:23+00:00","og_image":[{"width":866,"height":455,"url":"https:\/\/pline.hu\/wp-content\/uploads\/2025\/12\/Picture1.jpg","type":"image\/jpeg"}],"twitter_card":"summary_large_image","schema":{"@context":"https:\/\/schema.org","@graph":[{"@type":"WebPage","@id":"https:\/\/pline.hu\/?page_id=81","url":"https:\/\/pline.hu\/?page_id=81","name":"\u00c9p\u00fcletakusztika - pline.hu","isPartOf":{"@id":"https:\/\/pline.hu\/#website"},"primaryImageOfPage":{"@id":"https:\/\/pline.hu\/?page_id=81#primaryimage"},"image":{"@id":"https:\/\/pline.hu\/?page_id=81#primaryimage"},"thumbnailUrl":"https:\/\/pline.hu\/wp-content\/uploads\/2025\/12\/Picture1.jpg","datePublished":"2025-12-29T11:02:06+00:00","dateModified":"2025-12-29T11:39:23+00:00","breadcrumb":{"@id":"https:\/\/pline.hu\/?page_id=81#breadcrumb"},"inLanguage":"hu","potentialAction":[{"@type":"ReadAction","target":["https:\/\/pline.hu\/?page_id=81"]}]},{"@type":"ImageObject","inLanguage":"hu","@id":"https:\/\/pline.hu\/?page_id=81#primaryimage","url":"https:\/\/pline.hu\/wp-content\/uploads\/2025\/12\/Picture1.jpg","contentUrl":"https:\/\/pline.hu\/wp-content\/uploads\/2025\/12\/Picture1.jpg","width":866,"height":455,"caption":"Hangg\u00e1tl\u00e1si probl\u00e9ma kimutat\u00e1sa akusztikus kamer\u00e1val."},{"@type":"BreadcrumbList","@id":"https:\/\/pline.hu\/?page_id=81#breadcrumb","itemListElement":[{"@type":"ListItem","position":1,"name":"Home","item":"https:\/\/pline.hu\/"},{"@type":"ListItem","position":2,"name":"\u00c9p\u00fcletakusztika"}]},{"@type":"WebSite","@id":"https:\/\/pline.hu\/#website","url":"https:\/\/pline.hu\/","name":"pline.hu","description":"IDEIGLENES honlap \/ TEMPORARY WEBPAGE","publisher":{"@id":"https:\/\/pline.hu\/#organization"},"potentialAction":[{"@type":"SearchAction","target":{"@type":"EntryPoint","urlTemplate":"https:\/\/pline.hu\/?s={search_term_string}"},"query-input":{"@type":"PropertyValueSpecification","valueRequired":true,"valueName":"search_term_string"}}],"inLanguage":"hu"},{"@type":"Organization","@id":"https:\/\/pline.hu\/#organization","name":"Pline Kft.","url":"https:\/\/pline.hu\/","logo":{"@type":"ImageObject","inLanguage":"hu","@id":"https:\/\/pline.hu\/#\/schema\/logo\/image\/","url":"https:\/\/pline.hu\/wp-content\/uploads\/2026\/01\/logo_dobozban_2025_12_12.png","contentUrl":"https:\/\/pline.hu\/wp-content\/uploads\/2026\/01\/logo_dobozban_2025_12_12.png","width":391,"height":137,"caption":"Pline Kft."},"image":{"@id":"https:\/\/pline.hu\/#\/schema\/logo\/image\/"}}]}},"_links":{"self":[{"href":"https:\/\/pline.hu\/index.php?rest_route=\/wp\/v2\/pages\/81","targetHints":{"allow":["GET"]}}],"collection":[{"href":"https:\/\/pline.hu\/index.php?rest_route=\/wp\/v2\/pages"}],"about":[{"href":"https:\/\/pline.hu\/index.php?rest_route=\/wp\/v2\/types\/page"}],"author":[{"embeddable":true,"href":"https:\/\/pline.hu\/index.php?rest_route=\/wp\/v2\/users\/1"}],"replies":[{"embeddable":true,"href":"https:\/\/pline.hu\/index.php?rest_route=%2Fwp%2Fv2%2Fcomments&post=81"}],"version-history":[{"count":2,"href":"https:\/\/pline.hu\/index.php?rest_route=\/wp\/v2\/pages\/81\/revisions"}],"predecessor-version":[{"id":98,"href":"https:\/\/pline.hu\/index.php?rest_route=\/wp\/v2\/pages\/81\/revisions\/98"}],"wp:featuredmedia":[{"embeddable":true,"href":"https:\/\/pline.hu\/index.php?rest_route=\/wp\/v2\/media\/97"}],"wp:attachment":[{"href":"https:\/\/pline.hu\/index.php?rest_route=%2Fwp%2Fv2%2Fmedia&parent=81"}],"curies":[{"name":"wp","href":"https:\/\/api.w.org\/{rel}","templated":true}]}}