{"id":76,"date":"2025-12-29T10:59:40","date_gmt":"2025-12-29T10:59:40","guid":{"rendered":"https:\/\/pline.hu\/?page_id=76"},"modified":"2026-01-08T15:28:22","modified_gmt":"2026-01-08T14:28:22","slug":"bemutatkozas","status":"publish","type":"page","link":"https:\/\/pline.hu\/","title":{"rendered":"Bemutatkoz\u00e1s"},"content":{"rendered":"\n<div style=\"height:32px\" aria-hidden=\"true\" class=\"wp-block-spacer\"><\/div>\n\n\n<h2 class=\"has-text-align-center wp-block-post-title\">Bemutatkoz\u00e1s<\/h2>\n\n\n<figure class=\"wp-block-image size-large has-custom-border\"><img loading=\"lazy\" decoding=\"async\" width=\"1024\" height=\"682\" src=\"https:\/\/pline.hu\/wp-content\/uploads\/2024\/12\/ml_240503_075-1024x682.jpg\" alt=\"\" class=\"wp-image-57\" style=\"border-top-left-radius:20px;border-top-right-radius:20px;border-bottom-left-radius:20px;border-bottom-right-radius:20px\" srcset=\"https:\/\/pline.hu\/wp-content\/uploads\/2024\/12\/ml_240503_075-1024x682.jpg 1024w, https:\/\/pline.hu\/wp-content\/uploads\/2024\/12\/ml_240503_075-300x200.jpg 300w, https:\/\/pline.hu\/wp-content\/uploads\/2024\/12\/ml_240503_075-768x512.jpg 768w, https:\/\/pline.hu\/wp-content\/uploads\/2024\/12\/ml_240503_075-1536x1023.jpg 1536w, https:\/\/pline.hu\/wp-content\/uploads\/2024\/12\/ml_240503_075.jpg 2048w\" sizes=\"auto, (max-width: 1024px) 100vw, 1024px\" \/><\/figure>\n\n\n\n<div style=\"height:18px\" aria-hidden=\"true\" class=\"wp-block-spacer\"><\/div>\n\n\n\n<p class=\"has-text-align-center\">C\u00e9g\u00fcnk az al\u00e1bbi szolg\u00e1ltat\u00e1sokkal \u00e1ll \u00fcgyfeleink rendelkez\u00e9s\u00e9re:<\/p>\n\n\n\n<ul class=\"wp-block-list\">\n<li>teremakusztikai m\u00e9r\u00e9s, tervez\u00e9s, tan\u00e1csad\u00e1s<\/li>\n\n\n\n<li>\u00e9p\u00fcletakusztikai m\u00e9r\u00e9s, tervez\u00e9s, tan\u00e1csad\u00e1s<\/li>\n\n\n\n<li>irodatervez\u00e9si koncepci\u00f3alkot\u00e1s (Workplace Consultancy)<\/li>\n\n\n\n<li>bels\u0151\u00e9p\u00edt\u00e9szeti tervez\u00e9s<\/li>\n<\/ul>\n\n\n\n<div style=\"height:39px\" aria-hidden=\"true\" class=\"wp-block-spacer\"><\/div>\n\n\n\n<p class=\"has-text-align-center\">Az oldal fejleszt\u00e9s alatt. Tov\u00e1bbi inform\u00e1ci\u00f3k hamarosan.<\/p>\n\n\n\n<div style=\"height:36px\" aria-hidden=\"true\" class=\"wp-block-spacer\"><\/div>\n\n\n\n<h2 class=\"wp-block-heading has-text-align-center\">H\u00edrek, \u00fajdons\u00e1gok<\/h2>\n\n\n<ul style=\"border-top-left-radius:0px;border-top-right-radius:0px;border-bottom-left-radius:0px;border-bottom-right-radius:0px;\" class=\"wp-block-latest-posts__list has-dates wp-block-latest-posts\"><li><div class=\"wp-block-latest-posts__featured-image\"><img loading=\"lazy\" decoding=\"async\" width=\"300\" height=\"135\" src=\"https:\/\/pline.hu\/wp-content\/uploads\/2025\/12\/ecophon_thelab-300x135.png\" class=\"attachment-medium size-medium wp-post-image\" alt=\"\" style=\"\" srcset=\"https:\/\/pline.hu\/wp-content\/uploads\/2025\/12\/ecophon_thelab-300x135.png 300w, https:\/\/pline.hu\/wp-content\/uploads\/2025\/12\/ecophon_thelab-1024x461.png 1024w, https:\/\/pline.hu\/wp-content\/uploads\/2025\/12\/ecophon_thelab-768x346.png 768w, https:\/\/pline.hu\/wp-content\/uploads\/2025\/12\/ecophon_thelab-1536x692.png 1536w, https:\/\/pline.hu\/wp-content\/uploads\/2025\/12\/ecophon_thelab.png 1912w\" sizes=\"auto, (max-width: 300px) 100vw, 300px\" \/><\/div><a class=\"wp-block-latest-posts__post-title\" href=\"https:\/\/pline.hu\/?p=125\">The Lab<\/a><time datetime=\"2025-12-29T16:17:05+01:00\" class=\"wp-block-latest-posts__post-date\">2025.12.29.<\/time><div class=\"wp-block-latest-posts__post-excerpt\">Seg\u00edts\u00e9g a teremkusztika alapfogalmainak meg\u00e9rt\u00e9s\u00e9hez.<\/div><\/li>\n<\/ul>","protected":false},"excerpt":{"rendered":"<p>C\u00e9g\u00fcnk az al\u00e1bbi szolg\u00e1ltat\u00e1sokkal \u00e1ll \u00fcgyfeleink rendelkez\u00e9s\u00e9re: Az oldal fejleszt\u00e9s alatt. Tov\u00e1bbi inform\u00e1ci\u00f3k hamarosan. H\u00edrek, \u00fajdons\u00e1gok<\/p>\n","protected":false},"author":1,"featured_media":0,"parent":0,"menu_order":0,"comment_status":"closed","ping_status":"closed","template":"page-no-title","meta":{"footnotes":""},"class_list":["post-76","page","type-page","status-publish","hentry"],"yoast_head":"<!-- This site is optimized with the Yoast SEO plugin v26.7 - https:\/\/yoast.com\/wordpress\/plugins\/seo\/ -->\n<title>Bemutatkoz\u00e1s - pline.hu<\/title>\n<meta name=\"description\" content=\"A Pline Kft. akusztikai m\u00e9r\u00e9ssel, tervez\u00e9ssel, irodaelemz\u00e9ssel, -tan\u00e1csad\u00e1ssal \u00e9s bels\u0151\u00e9p\u00edt\u00e9szettel foglalkozik.\" \/>\n<meta name=\"robots\" content=\"index, follow, max-snippet:-1, max-image-preview:large, max-video-preview:-1\" \/>\n<link rel=\"canonical\" href=\"https:\/\/pline.hu\/\" \/>\n<meta property=\"og:locale\" content=\"hu_HU\" \/>\n<meta property=\"og:type\" content=\"article\" \/>\n<meta property=\"og:title\" content=\"Bemutatkoz\u00e1s - pline.hu\" \/>\n<meta property=\"og:description\" content=\"A Pline Kft. akusztikai m\u00e9r\u00e9ssel, tervez\u00e9ssel, irodaelemz\u00e9ssel, -tan\u00e1csad\u00e1ssal \u00e9s bels\u0151\u00e9p\u00edt\u00e9szettel foglalkozik.\" \/>\n<meta property=\"og:url\" content=\"https:\/\/pline.hu\/\" \/>\n<meta property=\"og:site_name\" content=\"pline.hu\" \/>\n<meta property=\"article:modified_time\" content=\"2026-01-08T14:28:22+00:00\" \/>\n<meta property=\"og:image\" content=\"http:\/\/pline.hu\/wp-content\/uploads\/2024\/12\/ml_240503_075-1024x682.jpg\" \/>\n<meta name=\"twitter:card\" content=\"summary_large_image\" \/>\n<meta name=\"twitter:label1\" content=\"Becs\u00fclt olvas\u00e1si id\u0151\" \/>\n\t<meta name=\"twitter:data1\" content=\"1 perc\" \/>\n<script type=\"application\/ld+json\" class=\"yoast-schema-graph\">{\"@context\":\"https:\/\/schema.org\",\"@graph\":[{\"@type\":\"WebPage\",\"@id\":\"https:\/\/pline.hu\/\",\"url\":\"https:\/\/pline.hu\/\",\"name\":\"Bemutatkoz\u00e1s - pline.hu\",\"isPartOf\":{\"@id\":\"https:\/\/pline.hu\/#website\"},\"primaryImageOfPage\":{\"@id\":\"https:\/\/pline.hu\/#primaryimage\"},\"image\":{\"@id\":\"https:\/\/pline.hu\/#primaryimage\"},\"thumbnailUrl\":\"http:\/\/pline.hu\/wp-content\/uploads\/2024\/12\/ml_240503_075-1024x682.jpg\",\"datePublished\":\"2025-12-29T10:59:40+00:00\",\"dateModified\":\"2026-01-08T14:28:22+00:00\",\"description\":\"A Pline Kft. akusztikai m\u00e9r\u00e9ssel, tervez\u00e9ssel, irodaelemz\u00e9ssel, -tan\u00e1csad\u00e1ssal \u00e9s bels\u0151\u00e9p\u00edt\u00e9szettel foglalkozik.\",\"breadcrumb\":{\"@id\":\"https:\/\/pline.hu\/#breadcrumb\"},\"inLanguage\":\"hu\",\"potentialAction\":[{\"@type\":\"ReadAction\",\"target\":[\"https:\/\/pline.hu\/\"]}]},{\"@type\":\"ImageObject\",\"inLanguage\":\"hu\",\"@id\":\"https:\/\/pline.hu\/#primaryimage\",\"url\":\"http:\/\/pline.hu\/wp-content\/uploads\/2024\/12\/ml_240503_075-1024x682.jpg\",\"contentUrl\":\"http:\/\/pline.hu\/wp-content\/uploads\/2024\/12\/ml_240503_075-1024x682.jpg\"},{\"@type\":\"BreadcrumbList\",\"@id\":\"https:\/\/pline.hu\/#breadcrumb\",\"itemListElement\":[{\"@type\":\"ListItem\",\"position\":1,\"name\":\"Home\",\"item\":\"https:\/\/pline.hu\/\"},{\"@type\":\"ListItem\",\"position\":2,\"name\":\"Bemutatkoz\u00e1s\"}]},{\"@type\":\"WebSite\",\"@id\":\"https:\/\/pline.hu\/#website\",\"url\":\"https:\/\/pline.hu\/\",\"name\":\"pline.hu\",\"description\":\"IDEIGLENES honlap \/ TEMPORARY WEBPAGE\",\"publisher\":{\"@id\":\"https:\/\/pline.hu\/#organization\"},\"potentialAction\":[{\"@type\":\"SearchAction\",\"target\":{\"@type\":\"EntryPoint\",\"urlTemplate\":\"https:\/\/pline.hu\/?s={search_term_string}\"},\"query-input\":{\"@type\":\"PropertyValueSpecification\",\"valueRequired\":true,\"valueName\":\"search_term_string\"}}],\"inLanguage\":\"hu\"},{\"@type\":\"Organization\",\"@id\":\"https:\/\/pline.hu\/#organization\",\"name\":\"Pline Kft.\",\"url\":\"https:\/\/pline.hu\/\",\"logo\":{\"@type\":\"ImageObject\",\"inLanguage\":\"hu\",\"@id\":\"https:\/\/pline.hu\/#\/schema\/logo\/image\/\",\"url\":\"https:\/\/pline.hu\/wp-content\/uploads\/2026\/01\/logo_dobozban_2025_12_12.png\",\"contentUrl\":\"https:\/\/pline.hu\/wp-content\/uploads\/2026\/01\/logo_dobozban_2025_12_12.png\",\"width\":391,\"height\":137,\"caption\":\"Pline Kft.\"},\"image\":{\"@id\":\"https:\/\/pline.hu\/#\/schema\/logo\/image\/\"}}]}<\/script>\n<!-- \/ Yoast SEO plugin. -->","yoast_head_json":{"title":"Bemutatkoz\u00e1s - pline.hu","description":"A Pline Kft. akusztikai m\u00e9r\u00e9ssel, tervez\u00e9ssel, irodaelemz\u00e9ssel, -tan\u00e1csad\u00e1ssal \u00e9s bels\u0151\u00e9p\u00edt\u00e9szettel foglalkozik.","robots":{"index":"index","follow":"follow","max-snippet":"max-snippet:-1","max-image-preview":"max-image-preview:large","max-video-preview":"max-video-preview:-1"},"canonical":"https:\/\/pline.hu\/","og_locale":"hu_HU","og_type":"article","og_title":"Bemutatkoz\u00e1s - pline.hu","og_description":"A Pline Kft. akusztikai m\u00e9r\u00e9ssel, tervez\u00e9ssel, irodaelemz\u00e9ssel, -tan\u00e1csad\u00e1ssal \u00e9s bels\u0151\u00e9p\u00edt\u00e9szettel foglalkozik.","og_url":"https:\/\/pline.hu\/","og_site_name":"pline.hu","article_modified_time":"2026-01-08T14:28:22+00:00","og_image":[{"url":"http:\/\/pline.hu\/wp-content\/uploads\/2024\/12\/ml_240503_075-1024x682.jpg","type":"","width":"","height":""}],"twitter_card":"summary_large_image","twitter_misc":{"Becs\u00fclt olvas\u00e1si id\u0151":"1 perc"},"schema":{"@context":"https:\/\/schema.org","@graph":[{"@type":"WebPage","@id":"https:\/\/pline.hu\/","url":"https:\/\/pline.hu\/","name":"Bemutatkoz\u00e1s - pline.hu","isPartOf":{"@id":"https:\/\/pline.hu\/#website"},"primaryImageOfPage":{"@id":"https:\/\/pline.hu\/#primaryimage"},"image":{"@id":"https:\/\/pline.hu\/#primaryimage"},"thumbnailUrl":"http:\/\/pline.hu\/wp-content\/uploads\/2024\/12\/ml_240503_075-1024x682.jpg","datePublished":"2025-12-29T10:59:40+00:00","dateModified":"2026-01-08T14:28:22+00:00","description":"A Pline Kft. akusztikai m\u00e9r\u00e9ssel, tervez\u00e9ssel, irodaelemz\u00e9ssel, -tan\u00e1csad\u00e1ssal \u00e9s bels\u0151\u00e9p\u00edt\u00e9szettel foglalkozik.","breadcrumb":{"@id":"https:\/\/pline.hu\/#breadcrumb"},"inLanguage":"hu","potentialAction":[{"@type":"ReadAction","target":["https:\/\/pline.hu\/"]}]},{"@type":"ImageObject","inLanguage":"hu","@id":"https:\/\/pline.hu\/#primaryimage","url":"http:\/\/pline.hu\/wp-content\/uploads\/2024\/12\/ml_240503_075-1024x682.jpg","contentUrl":"http:\/\/pline.hu\/wp-content\/uploads\/2024\/12\/ml_240503_075-1024x682.jpg"},{"@type":"BreadcrumbList","@id":"https:\/\/pline.hu\/#breadcrumb","itemListElement":[{"@type":"ListItem","position":1,"name":"Home","item":"https:\/\/pline.hu\/"},{"@type":"ListItem","position":2,"name":"Bemutatkoz\u00e1s"}]},{"@type":"WebSite","@id":"https:\/\/pline.hu\/#website","url":"https:\/\/pline.hu\/","name":"pline.hu","description":"IDEIGLENES honlap \/ TEMPORARY WEBPAGE","publisher":{"@id":"https:\/\/pline.hu\/#organization"},"potentialAction":[{"@type":"SearchAction","target":{"@type":"EntryPoint","urlTemplate":"https:\/\/pline.hu\/?s={search_term_string}"},"query-input":{"@type":"PropertyValueSpecification","valueRequired":true,"valueName":"search_term_string"}}],"inLanguage":"hu"},{"@type":"Organization","@id":"https:\/\/pline.hu\/#organization","name":"Pline Kft.","url":"https:\/\/pline.hu\/","logo":{"@type":"ImageObject","inLanguage":"hu","@id":"https:\/\/pline.hu\/#\/schema\/logo\/image\/","url":"https:\/\/pline.hu\/wp-content\/uploads\/2026\/01\/logo_dobozban_2025_12_12.png","contentUrl":"https:\/\/pline.hu\/wp-content\/uploads\/2026\/01\/logo_dobozban_2025_12_12.png","width":391,"height":137,"caption":"Pline Kft."},"image":{"@id":"https:\/\/pline.hu\/#\/schema\/logo\/image\/"}}]}},"_links":{"self":[{"href":"https:\/\/pline.hu\/index.php?rest_route=\/wp\/v2\/pages\/76","targetHints":{"allow":["GET"]}}],"collection":[{"href":"https:\/\/pline.hu\/index.php?rest_route=\/wp\/v2\/pages"}],"about":[{"href":"https:\/\/pline.hu\/index.php?rest_route=\/wp\/v2\/types\/page"}],"author":[{"embeddable":true,"href":"https:\/\/pline.hu\/index.php?rest_route=\/wp\/v2\/users\/1"}],"replies":[{"embeddable":true,"href":"https:\/\/pline.hu\/index.php?rest_route=%2Fwp%2Fv2%2Fcomments&post=76"}],"version-history":[{"count":12,"href":"https:\/\/pline.hu\/index.php?rest_route=\/wp\/v2\/pages\/76\/revisions"}],"predecessor-version":[{"id":134,"href":"https:\/\/pline.hu\/index.php?rest_route=\/wp\/v2\/pages\/76\/revisions\/134"}],"wp:attachment":[{"href":"https:\/\/pline.hu\/index.php?rest_route=%2Fwp%2Fv2%2Fmedia&parent=76"}],"curies":[{"name":"wp","href":"https:\/\/api.w.org\/{rel}","templated":true}]}}